{"id":1623,"date":"2025-03-22T01:13:41","date_gmt":"2025-03-22T01:13:41","guid":{"rendered":"https:\/\/lecef.ca\/?page_id=1623"},"modified":"2025-12-10T17:46:37","modified_gmt":"2025-12-10T17:46:37","slug":"contact","status":"publish","type":"page","link":"https:\/\/lecef.ca\/en\/contact\/","title":{"rendered":"Contact"},"content":{"rendered":"\t\t<div data-elementor-type=\"wp-page\" data-elementor-id=\"1623\" class=\"elementor elementor-1623\" data-elementor-post-type=\"page\">\n\t\t\t\t<div class=\"elementor-element elementor-element-234cc0b e-flex e-con-boxed e-con e-parent\" data-id=\"234cc0b\" data-element_type=\"container\" data-e-type=\"container\">\n\t\t\t\t\t<div class=\"e-con-inner\">\n\t\t<div class=\"elementor-element elementor-element-f03bc16 e-con-full e-flex e-con e-child\" data-id=\"f03bc16\" data-element_type=\"container\" data-e-type=\"container\">\n\t\t<div class=\"elementor-element elementor-element-6659a36 e-con-full e-flex e-con e-child\" data-id=\"6659a36\" data-element_type=\"container\" data-e-type=\"container\">\n\t\t<div class=\"elementor-element elementor-element-4bf54fb e-con-full e-flex e-con e-child\" data-id=\"4bf54fb\" data-element_type=\"container\" data-e-type=\"container\">\n\t\t\t\t<div class=\"elementor-element elementor-element-b018fb3 elementor-widget elementor-widget-heading\" data-id=\"b018fb3\" data-element_type=\"widget\" data-e-type=\"widget\" data-widget_type=\"heading.default\">\n\t\t\t\t<div class=\"elementor-widget-container\">\n\t\t\t\t\t<p class=\"elementor-heading-title elementor-size-default\">Contactez nous<\/p>\t\t\t\t<\/div>\n\t\t\t\t<\/div>\n\t\t\t\t<div class=\"elementor-element elementor-element-6883a72 elementor-widget elementor-widget-heading\" data-id=\"6883a72\" data-element_type=\"widget\" data-e-type=\"widget\" data-widget_type=\"heading.default\">\n\t\t\t\t<div class=\"elementor-widget-container\">\n\t\t\t\t\t<h2 class=\"elementor-heading-title elementor-size-default\">Nos sentiers sont accessibles toute l'ann\u00e9e<\/h2>\t\t\t\t<\/div>\n\t\t\t\t<\/div>\n\t\t\t\t<div class=\"elementor-element elementor-element-6703797 elementor-widget elementor-widget-text-editor\" data-id=\"6703797\" data-element_type=\"widget\" data-e-type=\"widget\" data-widget_type=\"text-editor.default\">\n\t\t\t\t<div class=\"elementor-widget-container\">\n\t\t\t\t\t\t\t\t\t<p>Nous sommes l\u00e0 pour r\u00e9pondre \u00e0 vos questions et \u00e9couter vos suggestions.<\/p><p>\u00a0<\/p><p><strong>Veuillez noter que<\/strong><strong> nous<\/strong><strong> n\u2019offr<\/strong><strong>ons<\/strong><strong> pas de randonn\u00e9es guid\u00e9es sur chevaux de location.<\/strong><\/p><p>\u00a0<\/p>\t\t\t\t\t\t\t\t<\/div>\n\t\t\t\t<\/div>\n\t\t\t\t<div class=\"elementor-element elementor-element-f4fbf1f elementor-icon-list--layout-traditional elementor-list-item-link-full_width elementor-widget elementor-widget-icon-list\" data-id=\"f4fbf1f\" data-element_type=\"widget\" data-e-type=\"widget\" data-widget_type=\"icon-list.default\">\n\t\t\t\t<div class=\"elementor-widget-container\">\n\t\t\t\t\t\t\t<ul class=\"elementor-icon-list-items\">\n\t\t\t\t\t\t\t<li class=\"elementor-icon-list-item\">\n\t\t\t\t\t\t\t\t\t\t\t<span class=\"elementor-icon-list-icon\">\n\t\t\t\t\t\t\t<svg aria-hidden=\"true\" class=\"e-font-icon-svg e-far-envelope\" viewBox=\"0 0 512 512\" xmlns=\"http:\/\/www.w3.org\/2000\/svg\"><path d=\"M464 64H48C21.49 64 0 85.49 0 112v288c0 26.51 21.49 48 48 48h416c26.51 0 48-21.49 48-48V112c0-26.51-21.49-48-48-48zm0 48v40.805c-22.422 18.259-58.168 46.651-134.587 106.49-16.841 13.247-50.201 45.072-73.413 44.701-23.208.375-56.579-31.459-73.413-44.701C106.18 199.465 70.425 171.067 48 152.805V112h416zM48 400V214.398c22.914 18.251 55.409 43.862 104.938 82.646 21.857 17.205 60.134 55.186 103.062 54.955 42.717.231 80.509-37.199 103.053-54.947 49.528-38.783 82.032-64.401 104.947-82.653V400H48z\"><\/path><\/svg>\t\t\t\t\t\t<\/span>\n\t\t\t\t\t\t\t\t\t\t<span class=\"elementor-icon-list-text\">info@lecef.ca<\/span>\n\t\t\t\t\t\t\t\t\t<\/li>\n\t\t\t\t\t\t\t\t<li class=\"elementor-icon-list-item\">\n\t\t\t\t\t\t\t\t\t\t\t<span class=\"elementor-icon-list-icon\">\n\t\t\t\t\t\t\t<svg aria-hidden=\"true\" class=\"e-font-icon-svg e-fas-phone-alt\" viewBox=\"0 0 512 512\" xmlns=\"http:\/\/www.w3.org\/2000\/svg\"><path d=\"M497.39 361.8l-112-48a24 24 0 0 0-28 6.9l-49.6 60.6A370.66 370.66 0 0 1 130.6 204.11l60.6-49.6a23.94 23.94 0 0 0 6.9-28l-48-112A24.16 24.16 0 0 0 122.6.61l-104 24A24 24 0 0 0 0 48c0 256.5 207.9 464 464 464a24 24 0 0 0 23.4-18.6l24-104a24.29 24.29 0 0 0-14.01-27.6z\"><\/path><\/svg>\t\t\t\t\t\t<\/span>\n\t\t\t\t\t\t\t\t\t\t<span class=\"elementor-icon-list-text\">(514) 645- 1555<\/span>\n\t\t\t\t\t\t\t\t\t<\/li>\n\t\t\t\t\t\t\t\t<li class=\"elementor-icon-list-item\">\n\t\t\t\t\t\t\t\t\t\t\t<span class=\"elementor-icon-list-icon\">\n\t\t\t\t\t\t\t<svg aria-hidden=\"true\" class=\"e-font-icon-svg e-fas-map-marker-alt\" viewBox=\"0 0 384 512\" xmlns=\"http:\/\/www.w3.org\/2000\/svg\"><path d=\"M172.268 501.67C26.97 291.031 0 269.413 0 192 0 85.961 85.961 0 192 0s192 85.961 192 192c0 77.413-26.97 99.031-172.268 309.67-9.535 13.774-29.93 13.773-39.464 0zM192 272c44.183 0 80-35.817 80-80s-35.817-80-80-80-80 35.817-80 80 35.817 80 80 80z\"><\/path><\/svg>\t\t\t\t\t\t<\/span>\n\t\t\t\t\t\t\t\t\t\t<span class=\"elementor-icon-list-text\">C.P. 1022 Saint-Lazare, Qu\u00e9bec, J7T2Z7<\/span>\n\t\t\t\t\t\t\t\t\t<\/li>\n\t\t\t\t\t\t<\/ul>\n\t\t\t\t\t\t<\/div>\n\t\t\t\t<\/div>\n\t\t\t\t<\/div>\n\t\t\t\t<\/div>\n\t\t\t\t<\/div>\n\t\t<div class=\"elementor-element elementor-element-6e428a3 e-con-full e-flex e-con e-child\" data-id=\"6e428a3\" data-element_type=\"container\" data-e-type=\"container\">\n\t\t\t\t<div class=\"elementor-element elementor-element-83fc6fd elementor-widget elementor-widget-image\" data-id=\"83fc6fd\" data-element_type=\"widget\" data-e-type=\"widget\" data-widget_type=\"image.default\">\n\t\t\t\t<div class=\"elementor-widget-container\">\n\t\t\t\t\t\t\t\t\t\t\t\t\t\t\t<img fetchpriority=\"high\" decoding=\"async\" width=\"768\" height=\"1024\" src=\"https:\/\/i0.wp.com\/lecef.ca\/wp-content\/uploads\/2025\/04\/86F7899D-C7C9-4FF4-A4B6-2BE1D712506C_1_105_c.jpeg?fit=768%2C1024&amp;ssl=1\" class=\"attachment-large size-large wp-image-5669\" alt=\"\" srcset=\"https:\/\/i0.wp.com\/lecef.ca\/wp-content\/uploads\/2025\/04\/86F7899D-C7C9-4FF4-A4B6-2BE1D712506C_1_105_c.jpeg?w=768&amp;ssl=1 768w, https:\/\/i0.wp.com\/lecef.ca\/wp-content\/uploads\/2025\/04\/86F7899D-C7C9-4FF4-A4B6-2BE1D712506C_1_105_c.jpeg?resize=225%2C300&amp;ssl=1 225w, https:\/\/i0.wp.com\/lecef.ca\/wp-content\/uploads\/2025\/04\/86F7899D-C7C9-4FF4-A4B6-2BE1D712506C_1_105_c.jpeg?resize=9%2C12&amp;ssl=1 9w, https:\/\/i0.wp.com\/lecef.ca\/wp-content\/uploads\/2025\/04\/86F7899D-C7C9-4FF4-A4B6-2BE1D712506C_1_105_c.jpeg?resize=600%2C800&amp;ssl=1 600w\" sizes=\"(max-width: 768px) 100vw, 768px\" \/>\t\t\t\t\t\t\t\t\t\t\t\t\t\t\t<\/div>\n\t\t\t\t<\/div>\n\t\t\t\t<\/div>\n\t\t\t\t\t<\/div>\n\t\t\t\t<\/div>\n\t\t<div class=\"elementor-element elementor-element-96de021 e-flex e-con-boxed e-con e-parent\" data-id=\"96de021\" data-element_type=\"container\" data-e-type=\"container\">\n\t\t\t\t\t<div class=\"e-con-inner\">\n\t\t\t\t<div class=\"elementor-element elementor-element-efbbe40 elementor-widget elementor-widget-wpforms\" data-id=\"efbbe40\" data-element_type=\"widget\" data-e-type=\"widget\" data-widget_type=\"wpforms.default\">\n\t\t\t\t<div class=\"elementor-widget-container\">\n\t\t\t\t\t<div class=\"wpforms-container wpforms-container-full wpforms-render-modern\" id=\"wpforms-196\"><form id=\"wpforms-form-196\" class=\"wpforms-validate wpforms-form wpforms-ajax-form\" data-formid=\"196\" method=\"post\" enctype=\"multipart\/form-data\" action=\"\/en\/wp-json\/wp\/v2\/pages\/1623\" data-token=\"b0a09cb1c992b21e128815f183023b4b\" data-token-time=\"1777728172\"><noscript class=\"wpforms-error-noscript\">Please enable JavaScript in your browser to complete this form.<\/noscript><div id=\"wpforms-error-noscript\" style=\"display: none;\">Please enable JavaScript in your browser to complete this form.<\/div><div class=\"wpforms-field-container\"><div id=\"wpforms-196-field_0-container\" class=\"wpforms-field wpforms-field-name\" data-field-id=\"0\"><fieldset><legend class=\"wpforms-field-label\">Nom <span class=\"wpforms-required-label\" aria-hidden=\"true\">*<\/span><\/legend><div class=\"wpforms-field-row wpforms-field-medium\"><div class=\"wpforms-field-row-block wpforms-first wpforms-one-half\"><input type=\"text\" id=\"wpforms-196-field_0\" class=\"wpforms-field-name-first wpforms-field-required\" name=\"wpforms[fields][0][first]\" placeholder=\"Pr\u00e9nom\" aria-errormessage=\"wpforms-196-field_0-error\" required><label for=\"wpforms-196-field_0\" class=\"wpforms-field-sublabel after\">First<\/label><\/div><div class=\"wpforms-field-row-block wpforms-one-half\"><input type=\"text\" id=\"wpforms-196-field_0-last\" class=\"wpforms-field-name-last wpforms-field-required\" name=\"wpforms[fields][0][last]\" placeholder=\"Nom\" aria-errormessage=\"wpforms-196-field_0-last-error\" required><label for=\"wpforms-196-field_0-last\" class=\"wpforms-field-sublabel after\">Last<\/label><\/div><\/div><\/fieldset><\/div><div id=\"wpforms-196-field_1-container\" class=\"wpforms-field wpforms-field-email\" data-field-id=\"1\"><label class=\"wpforms-field-label\" for=\"wpforms-196-field_1\">Courriel | Email  <span class=\"wpforms-required-label\" aria-hidden=\"true\">*<\/span><\/label><input type=\"email\" id=\"wpforms-196-field_1\" class=\"wpforms-field-medium wpforms-field-required\" name=\"wpforms[fields][1]\" spellcheck=\"false\" aria-errormessage=\"wpforms-196-field_1-error\" required><\/div><div id=\"wpforms-196-field_12-container\" class=\"wpforms-field wpforms-field-select wpforms-field-select-style-classic\" data-field-id=\"12\"><label class=\"wpforms-field-label\" for=\"wpforms-196-field_12\">J&#039;ai une question concernant | I have a question concerning...<\/label><select id=\"wpforms-196-field_12\" class=\"wpforms-field-medium\" name=\"wpforms[fields][12]\"><option value=\"Adh\u00e9sion | Membership\"  class=\"choice-1 depth-1\"  >Adh\u00e9sion | Membership<\/option><option value=\"Signaler un probl\u00e8me sur un sentier | Report a trail issue\"  class=\"choice-2 depth-1\"  >Signaler un probl\u00e8me sur un sentier | Report a trail issue<\/option><option value=\"une question de patrouille | a patrol question\"  class=\"choice-3 depth-1\"  >une question de patrouille | a patrol question<\/option><option value=\"autre | other\"  class=\"choice-4 depth-1\"  >autre | other<\/option><\/select><\/div><div id=\"wpforms-196-field_2-container\" class=\"wpforms-field wpforms-field-textarea\" data-field-id=\"2\"><label class=\"wpforms-field-label\" for=\"wpforms-196-field_2\">Commentaire ou message | Comment or message<\/label><textarea id=\"wpforms-196-field_2\" class=\"wpforms-field-medium\" name=\"wpforms[fields][2]\" aria-errormessage=\"wpforms-196-field_2-error\" ><\/textarea><\/div><\/div><!-- .wpforms-field-container --><div class=\"wpforms-recaptcha-container wpforms-is-recaptcha wpforms-is-recaptcha-type-v2\" ><div class=\"g-recaptcha\" data-sitekey=\"6LfWa3YrAAAAAIAFTL2gqhFY44fXLrPW70cnNxDk\"><\/div><input type=\"text\" name=\"g-recaptcha-hidden\" class=\"wpforms-recaptcha-hidden\" style=\"position:absolute!important;clip:rect(0,0,0,0)!important;height:1px!important;width:1px!important;border:0!important;overflow:hidden!important;padding:0!important;margin:0!important;\" data-rule-recaptcha=\"1\"><\/div><div class=\"wpforms-submit-container\" ><input type=\"hidden\" name=\"wpforms[id]\" value=\"196\"><input type=\"hidden\" name=\"page_title\" value=\"\"><input type=\"hidden\" name=\"page_url\" value=\"https:\/\/lecef.ca\/en\/wp-json\/wp\/v2\/pages\/1623\"><input type=\"hidden\" name=\"url_referer\" value=\"\"><button type=\"submit\" name=\"wpforms[submit]\" id=\"wpforms-submit-196\" class=\"wpforms-submit\" data-alt-text=\"Sending\u2026\" data-submit-text=\"Soumettre\" aria-live=\"assertive\" value=\"wpforms-submit\">Soumettre<\/button><img decoding=\"async\" data-src=\"https:\/\/lecef.ca\/wp-content\/plugins\/wpforms\/assets\/images\/submit-spin.svg\" class=\"wpforms-submit-spinner lazyload\" style=\"--smush-placeholder-width: 26px; --smush-placeholder-aspect-ratio: 26\/26;display: none;\" width=\"26\" height=\"26\" alt=\"Loading\" src=\"data:image\/svg+xml;base64,PHN2ZyB3aWR0aD0iMSIgaGVpZ2h0PSIxIiB4bWxucz0iaHR0cDovL3d3dy53My5vcmcvMjAwMC9zdmciPjwvc3ZnPg==\"><\/div><\/form><\/div>  <!-- .wpforms-container -->\t\t\t\t<\/div>\n\t\t\t\t<\/div>\n\t\t\t\t\t<\/div>\n\t\t\t\t<\/div>\n\t\t\t\t<\/div>\n\t\t","protected":false},"excerpt":{"rendered":"<p>Contactez nous Nos sentiers sont accessibles toute l&#8217;ann\u00e9e Nous sommes l\u00e0 pour r\u00e9pondre \u00e0 vos questions et \u00e9couter vos suggestions. \u00a0 Veuillez noter que nous n\u2019offrons pas de randonn\u00e9es guid\u00e9es [&hellip;]<\/p>\n","protected":false},"author":2,"featured_media":0,"parent":0,"menu_order":0,"comment_status":"closed","ping_status":"closed","template":"","meta":{"nf_dc_page":"","site-sidebar-layout":"default","site-content-layout":"","ast-site-content-layout":"default","site-content-style":"default","site-sidebar-style":"default","ast-global-header-display":"","ast-banner-title-visibility":"","ast-main-header-display":"","ast-hfb-above-header-display":"","ast-hfb-below-header-display":"","ast-hfb-mobile-header-display":"","site-post-title":"","ast-breadcrumbs-content":"","ast-featured-img":"","footer-sml-layout":"","ast-disable-related-posts":"","theme-transparent-header-meta":"","adv-header-id-meta":"","stick-header-meta":"","header-above-stick-meta":"","header-main-stick-meta":"","header-below-stick-meta":"","astra-migrate-meta-layouts":"default","ast-page-background-enabled":"default","ast-page-background-meta":{"desktop":{"background-color":"var(--ast-global-color-4)","background-image":"","background-repeat":"repeat","background-position":"center center","background-size":"auto","background-attachment":"scroll","background-type":"","background-media":"","overlay-type":"","overlay-color":"","overlay-opacity":"","overlay-gradient":""},"tablet":{"background-color":"","background-image":"","background-repeat":"repeat","background-position":"center center","background-size":"auto","background-attachment":"scroll","background-type":"","background-media":"","overlay-type":"","overlay-color":"","overlay-opacity":"","overlay-gradient":""},"mobile":{"background-color":"","background-image":"","background-repeat":"repeat","background-position":"center center","background-size":"auto","background-attachment":"scroll","background-type":"","background-media":"","overlay-type":"","overlay-color":"","overlay-opacity":"","overlay-gradient":""}},"ast-content-background-meta":{"desktop":{"background-color":"var(--ast-global-color-5)","background-image":"","background-repeat":"repeat","background-position":"center center","background-size":"auto","background-attachment":"scroll","background-type":"","background-media":"","overlay-type":"","overlay-color":"","overlay-opacity":"","overlay-gradient":""},"tablet":{"background-color":"var(--ast-global-color-5)","background-image":"","background-repeat":"repeat","background-position":"center center","background-size":"auto","background-attachment":"scroll","background-type":"","background-media":"","overlay-type":"","overlay-color":"","overlay-opacity":"","overlay-gradient":""},"mobile":{"background-color":"var(--ast-global-color-5)","background-image":"","background-repeat":"repeat","background-position":"center center","background-size":"auto","background-attachment":"scroll","background-type":"","background-media":"","overlay-type":"","overlay-color":"","overlay-opacity":"","overlay-gradient":""}},"_price":"","_stock":"","_tribe_ticket_header":"","_tribe_default_ticket_provider":"","_tribe_ticket_capacity":"0","_ticket_start_date":"","_ticket_end_date":"","_tribe_ticket_show_description":"","_tribe_ticket_show_not_going":false,"_tribe_ticket_use_global_stock":"","_tribe_ticket_global_stock_level":"","_global_stock_mode":"","_global_stock_cap":"","_tribe_rsvp_for_event":"","_tribe_ticket_going_count":"","_tribe_ticket_not_going_count":"","_tribe_tickets_list":"[]","_tribe_ticket_has_attendee_info_fields":false,"footnotes":"","_tec_slr_enabled":"","_tec_slr_layout":""},"class_list":["post-1623","page","type-page","status-publish","hentry"],"yoast_head":"<!-- This site is optimized with the Yoast SEO plugin v27.4 - https:\/\/yoast.com\/product\/yoast-seo-wordpress\/ -->\n<title>Contact - Club \u00c9questre les Forestiers<\/title>\n<meta name=\"robots\" content=\"index, follow, max-snippet:-1, max-image-preview:large, max-video-preview:-1\" \/>\n<link rel=\"canonical\" href=\"https:\/\/lecef.ca\/en\/contact\/\" \/>\n<meta property=\"og:locale\" content=\"en_US\" \/>\n<meta property=\"og:type\" content=\"article\" \/>\n<meta property=\"og:title\" content=\"Contact - Club \u00c9questre les Forestiers\" \/>\n<meta property=\"og:description\" content=\"Contactez nous Nos sentiers sont accessibles toute l&#8217;ann\u00e9e Nous sommes l\u00e0 pour r\u00e9pondre \u00e0 vos questions et \u00e9couter vos suggestions. \u00a0 Veuillez noter que nous n\u2019offrons pas de randonn\u00e9es guid\u00e9es [&hellip;]\" \/>\n<meta property=\"og:url\" content=\"https:\/\/lecef.ca\/en\/contact\/\" \/>\n<meta property=\"og:site_name\" content=\"Club \u00c9questre les Forestiers\" \/>\n<meta property=\"article:modified_time\" content=\"2025-12-10T17:46:37+00:00\" \/>\n<meta property=\"og:image\" content=\"https:\/\/lecef.ca\/wp-content\/uploads\/2025\/04\/86F7899D-C7C9-4FF4-A4B6-2BE1D712506C_1_105_c.jpeg\" \/>\n<meta name=\"twitter:card\" content=\"summary_large_image\" \/>\n<meta name=\"twitter:label1\" content=\"Est. reading time\" \/>\n\t<meta name=\"twitter:data1\" content=\"1 minute\" \/>\n<script type=\"application\/ld+json\" class=\"yoast-schema-graph\">{\"@context\":\"https:\\\/\\\/schema.org\",\"@graph\":[{\"@type\":\"WebPage\",\"@id\":\"https:\\\/\\\/lecef.ca\\\/contact\\\/\",\"url\":\"https:\\\/\\\/lecef.ca\\\/contact\\\/\",\"name\":\"Contact - Club \u00c9questre les Forestiers\",\"isPartOf\":{\"@id\":\"https:\\\/\\\/lecef.ca\\\/#website\"},\"primaryImageOfPage\":{\"@id\":\"https:\\\/\\\/lecef.ca\\\/contact\\\/#primaryimage\"},\"image\":{\"@id\":\"https:\\\/\\\/lecef.ca\\\/contact\\\/#primaryimage\"},\"thumbnailUrl\":\"https:\\\/\\\/lecef.ca\\\/wp-content\\\/uploads\\\/2025\\\/04\\\/86F7899D-C7C9-4FF4-A4B6-2BE1D712506C_1_105_c.jpeg\",\"datePublished\":\"2025-03-22T01:13:41+00:00\",\"dateModified\":\"2025-12-10T17:46:37+00:00\",\"breadcrumb\":{\"@id\":\"https:\\\/\\\/lecef.ca\\\/contact\\\/#breadcrumb\"},\"inLanguage\":\"en-CA\",\"potentialAction\":[{\"@type\":\"ReadAction\",\"target\":[\"https:\\\/\\\/lecef.ca\\\/contact\\\/\"]}]},{\"@type\":\"ImageObject\",\"inLanguage\":\"en-CA\",\"@id\":\"https:\\\/\\\/lecef.ca\\\/contact\\\/#primaryimage\",\"url\":\"https:\\\/\\\/lecef.ca\\\/wp-content\\\/uploads\\\/2025\\\/04\\\/86F7899D-C7C9-4FF4-A4B6-2BE1D712506C_1_105_c.jpeg\",\"contentUrl\":\"https:\\\/\\\/lecef.ca\\\/wp-content\\\/uploads\\\/2025\\\/04\\\/86F7899D-C7C9-4FF4-A4B6-2BE1D712506C_1_105_c.jpeg\"},{\"@type\":\"BreadcrumbList\",\"@id\":\"https:\\\/\\\/lecef.ca\\\/contact\\\/#breadcrumb\",\"itemListElement\":[{\"@type\":\"ListItem\",\"position\":1,\"name\":\"Home\",\"item\":\"https:\\\/\\\/lecef.ca\\\/\"},{\"@type\":\"ListItem\",\"position\":2,\"name\":\"Contact\"}]},{\"@type\":\"WebSite\",\"@id\":\"https:\\\/\\\/lecef.ca\\\/#website\",\"url\":\"https:\\\/\\\/lecef.ca\\\/\",\"name\":\"Club \u00c9questre les Forestiers\",\"description\":\"club de randonn\u00e9e \u00e9questre\",\"publisher\":{\"@id\":\"https:\\\/\\\/lecef.ca\\\/#organization\"},\"potentialAction\":[{\"@type\":\"SearchAction\",\"target\":{\"@type\":\"EntryPoint\",\"urlTemplate\":\"https:\\\/\\\/lecef.ca\\\/?s={search_term_string}\"},\"query-input\":{\"@type\":\"PropertyValueSpecification\",\"valueRequired\":true,\"valueName\":\"search_term_string\"}}],\"inLanguage\":\"en-CA\"},{\"@type\":\"Organization\",\"@id\":\"https:\\\/\\\/lecef.ca\\\/#organization\",\"name\":\"Club \u00c9questre les Forestiers\",\"url\":\"https:\\\/\\\/lecef.ca\\\/\",\"logo\":{\"@type\":\"ImageObject\",\"inLanguage\":\"en-CA\",\"@id\":\"https:\\\/\\\/lecef.ca\\\/#\\\/schema\\\/logo\\\/image\\\/\",\"url\":\"https:\\\/\\\/i0.wp.com\\\/lecef.ca\\\/wp-content\\\/uploads\\\/2025\\\/04\\\/new-CEF-logo-1-1.png?fit=1080%2C1080&ssl=1\",\"contentUrl\":\"https:\\\/\\\/i0.wp.com\\\/lecef.ca\\\/wp-content\\\/uploads\\\/2025\\\/04\\\/new-CEF-logo-1-1.png?fit=1080%2C1080&ssl=1\",\"width\":1080,\"height\":1080,\"caption\":\"Club \u00c9questre les Forestiers\"},\"image\":{\"@id\":\"https:\\\/\\\/lecef.ca\\\/#\\\/schema\\\/logo\\\/image\\\/\"}}]}<\/script>\n<!-- \/ Yoast SEO plugin. -->","yoast_head_json":{"title":"Contact - Club \u00c9questre les Forestiers","robots":{"index":"index","follow":"follow","max-snippet":"max-snippet:-1","max-image-preview":"max-image-preview:large","max-video-preview":"max-video-preview:-1"},"canonical":"https:\/\/lecef.ca\/en\/contact\/","og_locale":"en_US","og_type":"article","og_title":"Contact - Club \u00c9questre les Forestiers","og_description":"Contactez nous Nos sentiers sont accessibles toute l&#8217;ann\u00e9e Nous sommes l\u00e0 pour r\u00e9pondre \u00e0 vos questions et \u00e9couter vos suggestions. \u00a0 Veuillez noter que nous n\u2019offrons pas de randonn\u00e9es guid\u00e9es [&hellip;]","og_url":"https:\/\/lecef.ca\/en\/contact\/","og_site_name":"Club \u00c9questre les Forestiers","article_modified_time":"2025-12-10T17:46:37+00:00","og_image":[{"url":"https:\/\/lecef.ca\/wp-content\/uploads\/2025\/04\/86F7899D-C7C9-4FF4-A4B6-2BE1D712506C_1_105_c.jpeg","type":"","width":"","height":""}],"twitter_card":"summary_large_image","twitter_misc":{"Est. reading time":"1 minute"},"schema":{"@context":"https:\/\/schema.org","@graph":[{"@type":"WebPage","@id":"https:\/\/lecef.ca\/contact\/","url":"https:\/\/lecef.ca\/contact\/","name":"Contact - Club \u00c9questre les Forestiers","isPartOf":{"@id":"https:\/\/lecef.ca\/#website"},"primaryImageOfPage":{"@id":"https:\/\/lecef.ca\/contact\/#primaryimage"},"image":{"@id":"https:\/\/lecef.ca\/contact\/#primaryimage"},"thumbnailUrl":"https:\/\/lecef.ca\/wp-content\/uploads\/2025\/04\/86F7899D-C7C9-4FF4-A4B6-2BE1D712506C_1_105_c.jpeg","datePublished":"2025-03-22T01:13:41+00:00","dateModified":"2025-12-10T17:46:37+00:00","breadcrumb":{"@id":"https:\/\/lecef.ca\/contact\/#breadcrumb"},"inLanguage":"en-CA","potentialAction":[{"@type":"ReadAction","target":["https:\/\/lecef.ca\/contact\/"]}]},{"@type":"ImageObject","inLanguage":"en-CA","@id":"https:\/\/lecef.ca\/contact\/#primaryimage","url":"https:\/\/lecef.ca\/wp-content\/uploads\/2025\/04\/86F7899D-C7C9-4FF4-A4B6-2BE1D712506C_1_105_c.jpeg","contentUrl":"https:\/\/lecef.ca\/wp-content\/uploads\/2025\/04\/86F7899D-C7C9-4FF4-A4B6-2BE1D712506C_1_105_c.jpeg"},{"@type":"BreadcrumbList","@id":"https:\/\/lecef.ca\/contact\/#breadcrumb","itemListElement":[{"@type":"ListItem","position":1,"name":"Home","item":"https:\/\/lecef.ca\/"},{"@type":"ListItem","position":2,"name":"Contact"}]},{"@type":"WebSite","@id":"https:\/\/lecef.ca\/#website","url":"https:\/\/lecef.ca\/","name":"Club \u00c9questre les Forestiers","description":"club de randonn\u00e9e \u00e9questre","publisher":{"@id":"https:\/\/lecef.ca\/#organization"},"potentialAction":[{"@type":"SearchAction","target":{"@type":"EntryPoint","urlTemplate":"https:\/\/lecef.ca\/?s={search_term_string}"},"query-input":{"@type":"PropertyValueSpecification","valueRequired":true,"valueName":"search_term_string"}}],"inLanguage":"en-CA"},{"@type":"Organization","@id":"https:\/\/lecef.ca\/#organization","name":"Club \u00c9questre les Forestiers","url":"https:\/\/lecef.ca\/","logo":{"@type":"ImageObject","inLanguage":"en-CA","@id":"https:\/\/lecef.ca\/#\/schema\/logo\/image\/","url":"https:\/\/i0.wp.com\/lecef.ca\/wp-content\/uploads\/2025\/04\/new-CEF-logo-1-1.png?fit=1080%2C1080&ssl=1","contentUrl":"https:\/\/i0.wp.com\/lecef.ca\/wp-content\/uploads\/2025\/04\/new-CEF-logo-1-1.png?fit=1080%2C1080&ssl=1","width":1080,"height":1080,"caption":"Club \u00c9questre les Forestiers"},"image":{"@id":"https:\/\/lecef.ca\/#\/schema\/logo\/image\/"}}]}},"jetpack_sharing_enabled":true,"ticketed":false,"_links":{"self":[{"href":"https:\/\/lecef.ca\/en\/wp-json\/wp\/v2\/pages\/1623","targetHints":{"allow":["GET"]}}],"collection":[{"href":"https:\/\/lecef.ca\/en\/wp-json\/wp\/v2\/pages"}],"about":[{"href":"https:\/\/lecef.ca\/en\/wp-json\/wp\/v2\/types\/page"}],"author":[{"embeddable":true,"href":"https:\/\/lecef.ca\/en\/wp-json\/wp\/v2\/users\/2"}],"replies":[{"embeddable":true,"href":"https:\/\/lecef.ca\/en\/wp-json\/wp\/v2\/comments?post=1623"}],"version-history":[{"count":20,"href":"https:\/\/lecef.ca\/en\/wp-json\/wp\/v2\/pages\/1623\/revisions"}],"predecessor-version":[{"id":7880,"href":"https:\/\/lecef.ca\/en\/wp-json\/wp\/v2\/pages\/1623\/revisions\/7880"}],"wp:attachment":[{"href":"https:\/\/lecef.ca\/en\/wp-json\/wp\/v2\/media?parent=1623"}],"curies":[{"name":"wp","href":"https:\/\/api.w.org\/{rel}","templated":true}]}}