{"id":1792,"date":"2025-03-24T19:14:30","date_gmt":"2025-03-24T19:14:30","guid":{"rendered":"https:\/\/lecef.ca\/?page_id=1792"},"modified":"2026-05-01T11:49:32","modified_gmt":"2026-05-01T11:49:32","slug":"carte","status":"publish","type":"page","link":"https:\/\/lecef.ca\/en\/carte\/","title":{"rendered":"carte-map"},"content":{"rendered":"","protected":true},"excerpt":{"rendered":"","protected":true},"author":2,"featured_media":0,"parent":0,"menu_order":0,"comment_status":"closed","ping_status":"closed","template":"","meta":{"nf_dc_page":"","site-sidebar-layout":"default","site-content-layout":"","ast-site-content-layout":"default","site-content-style":"default","site-sidebar-style":"default","ast-global-header-display":"","ast-banner-title-visibility":"","ast-main-header-display":"","ast-hfb-above-header-display":"","ast-hfb-below-header-display":"","ast-hfb-mobile-header-display":"","site-post-title":"","ast-breadcrumbs-content":"","ast-featured-img":"","footer-sml-layout":"","ast-disable-related-posts":"","theme-transparent-header-meta":"","adv-header-id-meta":"","stick-header-meta":"","header-above-stick-meta":"","header-main-stick-meta":"","header-below-stick-meta":"","astra-migrate-meta-layouts":"set","ast-page-background-enabled":"default","ast-page-background-meta":{"desktop":{"background-color":"var(--ast-global-color-4)","background-image":"","background-repeat":"repeat","background-position":"center center","background-size":"auto","background-attachment":"scroll","background-type":"","background-media":"","overlay-type":"","overlay-color":"","overlay-opacity":"","overlay-gradient":""},"tablet":{"background-color":"","background-image":"","background-repeat":"repeat","background-position":"center center","background-size":"auto","background-attachment":"scroll","background-type":"","background-media":"","overlay-type":"","overlay-color":"","overlay-opacity":"","overlay-gradient":""},"mobile":{"background-color":"","background-image":"","background-repeat":"repeat","background-position":"center center","background-size":"auto","background-attachment":"scroll","background-type":"","background-media":"","overlay-type":"","overlay-color":"","overlay-opacity":"","overlay-gradient":""}},"ast-content-background-meta":{"desktop":{"background-color":"var(--ast-global-color-5)","background-image":"","background-repeat":"repeat","background-position":"center center","background-size":"auto","background-attachment":"scroll","background-type":"","background-media":"","overlay-type":"","overlay-color":"","overlay-opacity":"","overlay-gradient":""},"tablet":{"background-color":"var(--ast-global-color-5)","background-image":"","background-repeat":"repeat","background-position":"center center","background-size":"auto","background-attachment":"scroll","background-type":"","background-media":"","overlay-type":"","overlay-color":"","overlay-opacity":"","overlay-gradient":""},"mobile":{"background-color":"var(--ast-global-color-5)","background-image":"","background-repeat":"repeat","background-position":"center center","background-size":"auto","background-attachment":"scroll","background-type":"","background-media":"","overlay-type":"","overlay-color":"","overlay-opacity":"","overlay-gradient":""}},"_price":"","_stock":"","_tribe_ticket_header":"","_tribe_default_ticket_provider":"","_tribe_ticket_capacity":"0","_ticket_start_date":"","_ticket_end_date":"","_tribe_ticket_show_description":"","_tribe_ticket_show_not_going":false,"_tribe_ticket_use_global_stock":"","_tribe_ticket_global_stock_level":"","_global_stock_mode":"","_global_stock_cap":"","_tribe_rsvp_for_event":"","_tribe_ticket_going_count":"","_tribe_ticket_not_going_count":"","_tribe_tickets_list":"[]","_tribe_ticket_has_attendee_info_fields":false,"footnotes":"","_tec_slr_enabled":"","_tec_slr_layout":""},"class_list":["post-1792","page","type-page","status-publish","post-password-required","hentry"],"yoast_head":"<!-- This site is optimized with the Yoast SEO plugin v27.4 - https:\/\/yoast.com\/product\/yoast-seo-wordpress\/ -->\n<title>carte-map - Club \u00c9questre les Forestiers<\/title>\n<meta name=\"robots\" content=\"index, follow, max-snippet:-1, max-image-preview:large, max-video-preview:-1\" \/>\n<link rel=\"canonical\" href=\"https:\/\/lecef.ca\/en\/carte\/\" \/>\n<meta property=\"og:locale\" content=\"en_US\" \/>\n<meta property=\"og:type\" content=\"article\" \/>\n<meta property=\"og:title\" content=\"carte-map - Club \u00c9questre les Forestiers\" \/>\n<meta property=\"og:description\" content=\"There is no excerpt because this is a protected post.\" \/>\n<meta property=\"og:url\" content=\"https:\/\/lecef.ca\/en\/carte\/\" \/>\n<meta property=\"og:site_name\" content=\"Club \u00c9questre les Forestiers\" \/>\n<meta property=\"article:modified_time\" content=\"2026-05-01T11:49:32+00:00\" \/>\n<meta name=\"twitter:card\" content=\"summary_large_image\" \/>\n<meta name=\"twitter:label1\" content=\"Est. reading time\" \/>\n\t<meta name=\"twitter:data1\" content=\"2 minutes\" \/>\n<script type=\"application\/ld+json\" class=\"yoast-schema-graph\">{\"@context\":\"https:\\\/\\\/schema.org\",\"@graph\":[{\"@type\":\"WebPage\",\"@id\":\"https:\\\/\\\/lecef.ca\\\/carte\\\/\",\"url\":\"https:\\\/\\\/lecef.ca\\\/carte\\\/\",\"name\":\"carte-map - Club \u00c9questre les Forestiers\",\"isPartOf\":{\"@id\":\"https:\\\/\\\/lecef.ca\\\/#website\"},\"datePublished\":\"2025-03-24T19:14:30+00:00\",\"dateModified\":\"2026-05-01T11:49:32+00:00\",\"breadcrumb\":{\"@id\":\"https:\\\/\\\/lecef.ca\\\/carte\\\/#breadcrumb\"},\"inLanguage\":\"en-CA\"},{\"@type\":\"WebSite\",\"@id\":\"https:\\\/\\\/lecef.ca\\\/#website\",\"url\":\"https:\\\/\\\/lecef.ca\\\/\",\"name\":\"Club \u00c9questre les Forestiers\",\"description\":\"club de randonn\u00e9e \u00e9questre\",\"publisher\":{\"@id\":\"https:\\\/\\\/lecef.ca\\\/#organization\"},\"potentialAction\":[{\"@type\":\"SearchAction\",\"target\":{\"@type\":\"EntryPoint\",\"urlTemplate\":\"https:\\\/\\\/lecef.ca\\\/?s={search_term_string}\"},\"query-input\":{\"@type\":\"PropertyValueSpecification\",\"valueRequired\":true,\"valueName\":\"search_term_string\"}}],\"inLanguage\":\"en-CA\"},{\"@type\":\"Organization\",\"@id\":\"https:\\\/\\\/lecef.ca\\\/#organization\",\"name\":\"Club \u00c9questre les Forestiers\",\"url\":\"https:\\\/\\\/lecef.ca\\\/\",\"logo\":{\"@type\":\"ImageObject\",\"inLanguage\":\"en-CA\",\"@id\":\"https:\\\/\\\/lecef.ca\\\/#\\\/schema\\\/logo\\\/image\\\/\",\"url\":\"https:\\\/\\\/i0.wp.com\\\/lecef.ca\\\/wp-content\\\/uploads\\\/2025\\\/04\\\/new-CEF-logo-1-1.png?fit=1080%2C1080&ssl=1\",\"contentUrl\":\"https:\\\/\\\/i0.wp.com\\\/lecef.ca\\\/wp-content\\\/uploads\\\/2025\\\/04\\\/new-CEF-logo-1-1.png?fit=1080%2C1080&ssl=1\",\"width\":1080,\"height\":1080,\"caption\":\"Club \u00c9questre les Forestiers\"},\"image\":{\"@id\":\"https:\\\/\\\/lecef.ca\\\/#\\\/schema\\\/logo\\\/image\\\/\"}}]}<\/script>\n<!-- \/ Yoast SEO plugin. -->","yoast_head_json":{"title":"carte-map - Club \u00c9questre les Forestiers","robots":{"index":"index","follow":"follow","max-snippet":"max-snippet:-1","max-image-preview":"max-image-preview:large","max-video-preview":"max-video-preview:-1"},"canonical":"https:\/\/lecef.ca\/en\/carte\/","og_locale":"en_US","og_type":"article","og_title":"carte-map - Club \u00c9questre les Forestiers","og_description":"There is no excerpt because this is a protected post.","og_url":"https:\/\/lecef.ca\/en\/carte\/","og_site_name":"Club \u00c9questre les Forestiers","article_modified_time":"2026-05-01T11:49:32+00:00","twitter_card":"summary_large_image","twitter_misc":{"Est. reading time":"2 minutes"},"schema":{"@context":"https:\/\/schema.org","@graph":[{"@type":"WebPage","@id":"https:\/\/lecef.ca\/carte\/","url":"https:\/\/lecef.ca\/carte\/","name":"carte-map - Club \u00c9questre les Forestiers","isPartOf":{"@id":"https:\/\/lecef.ca\/#website"},"datePublished":"2025-03-24T19:14:30+00:00","dateModified":"2026-05-01T11:49:32+00:00","breadcrumb":{"@id":"https:\/\/lecef.ca\/carte\/#breadcrumb"},"inLanguage":"en-CA"},{"@type":"WebSite","@id":"https:\/\/lecef.ca\/#website","url":"https:\/\/lecef.ca\/","name":"Club \u00c9questre les Forestiers","description":"club de randonn\u00e9e \u00e9questre","publisher":{"@id":"https:\/\/lecef.ca\/#organization"},"potentialAction":[{"@type":"SearchAction","target":{"@type":"EntryPoint","urlTemplate":"https:\/\/lecef.ca\/?s={search_term_string}"},"query-input":{"@type":"PropertyValueSpecification","valueRequired":true,"valueName":"search_term_string"}}],"inLanguage":"en-CA"},{"@type":"Organization","@id":"https:\/\/lecef.ca\/#organization","name":"Club \u00c9questre les Forestiers","url":"https:\/\/lecef.ca\/","logo":{"@type":"ImageObject","inLanguage":"en-CA","@id":"https:\/\/lecef.ca\/#\/schema\/logo\/image\/","url":"https:\/\/i0.wp.com\/lecef.ca\/wp-content\/uploads\/2025\/04\/new-CEF-logo-1-1.png?fit=1080%2C1080&ssl=1","contentUrl":"https:\/\/i0.wp.com\/lecef.ca\/wp-content\/uploads\/2025\/04\/new-CEF-logo-1-1.png?fit=1080%2C1080&ssl=1","width":1080,"height":1080,"caption":"Club \u00c9questre les Forestiers"},"image":{"@id":"https:\/\/lecef.ca\/#\/schema\/logo\/image\/"}}]}},"jetpack_sharing_enabled":true,"ticketed":false,"_links":{"self":[{"href":"https:\/\/lecef.ca\/en\/wp-json\/wp\/v2\/pages\/1792","targetHints":{"allow":["GET"]}}],"collection":[{"href":"https:\/\/lecef.ca\/en\/wp-json\/wp\/v2\/pages"}],"about":[{"href":"https:\/\/lecef.ca\/en\/wp-json\/wp\/v2\/types\/page"}],"author":[{"embeddable":true,"href":"https:\/\/lecef.ca\/en\/wp-json\/wp\/v2\/users\/2"}],"replies":[{"embeddable":true,"href":"https:\/\/lecef.ca\/en\/wp-json\/wp\/v2\/comments?post=1792"}],"version-history":[{"count":8,"href":"https:\/\/lecef.ca\/en\/wp-json\/wp\/v2\/pages\/1792\/revisions"}],"predecessor-version":[{"id":9140,"href":"https:\/\/lecef.ca\/en\/wp-json\/wp\/v2\/pages\/1792\/revisions\/9140"}],"wp:attachment":[{"href":"https:\/\/lecef.ca\/en\/wp-json\/wp\/v2\/media?parent=1792"}],"curies":[{"name":"wp","href":"https:\/\/api.w.org\/{rel}","templated":true}]}}