{"id":7714,"date":"2025-12-03T00:16:03","date_gmt":"2025-12-03T00:16:03","guid":{"rendered":"https:\/\/lecef.ca\/?page_id=7714"},"modified":"2025-12-14T12:45:18","modified_gmt":"2025-12-14T12:45:18","slug":"boutique","status":"publish","type":"page","link":"https:\/\/lecef.ca\/en\/boutique\/","title":{"rendered":"Boutique CEF"},"content":{"rendered":"<div data-elementor-type=\"wp-page\" data-elementor-id=\"7714\" class=\"elementor elementor-7714\" data-elementor-post-type=\"page\">\n\t\t\t\t<div class=\"elementor-element elementor-element-367f724e e-con-full e-flex e-con e-parent\" data-id=\"367f724e\" data-element_type=\"container\" data-e-type=\"container\" data-settings=\"{&quot;background_background&quot;:&quot;classic&quot;}\">\n\t\t\t\t<div class=\"elementor-element elementor-element-7ee563f3 elementor-widget elementor-widget-heading\" data-id=\"7ee563f3\" data-element_type=\"widget\" data-e-type=\"widget\" data-widget_type=\"heading.default\">\n\t\t\t\t<div class=\"elementor-widget-container\">\n\t\t\t\t\t<h5 class=\"elementor-heading-title elementor-size-default\">Bienvenue \u00e0 notre boutique <\/h5>\t\t\t\t<\/div>\n\t\t\t\t<\/div>\n\t\t\t\t<div class=\"elementor-element elementor-element-178ef9ef elementor-align-center elementor-widget__width-initial elementor-widget-mobile__width-inherit elementor-widget elementor-widget-button\" data-id=\"178ef9ef\" data-element_type=\"widget\" data-e-type=\"widget\" data-widget_type=\"button.default\">\n\t\t\t\t<div class=\"elementor-widget-container\">\n\t\t\t\t\t\t\t\t\t<div class=\"elementor-button-wrapper\">\n\t\t\t\t\t<a class=\"elementor-button elementor-button-link elementor-size-md elementor-animation-grow\" href=\"https:\/\/luckymonkeyapparel.ca\/collections\/les-forestiers\">\n\t\t\t\t\t\t<span class=\"elementor-button-content-wrapper\">\n\t\t\t\t\t\t\t\t\t<span class=\"elementor-button-text\">Visitez la boutique - en partenariat avec Lucky Monkey<\/span>\n\t\t\t\t\t<\/span>\n\t\t\t\t\t<\/a>\n\t\t\t\t<\/div>\n\t\t\t\t\t\t\t\t<\/div>\n\t\t\t\t<\/div>\n\t\t\t\t<\/div>\n\t\t\t\t<\/div>","protected":false},"excerpt":{"rendered":"<p>Bienvenue \u00e0 notre boutique Visitez la boutique &#8211; en partenariat avec Lucky Monkey<\/p>","protected":false},"author":2,"featured_media":7718,"parent":0,"menu_order":0,"comment_status":"closed","ping_status":"closed","template":"","meta":{"nf_dc_page":"","site-sidebar-layout":"no-sidebar","site-content-layout":"page-builder","ast-site-content-layout":"full-width-container","site-content-style":"default","site-sidebar-style":"default","ast-global-header-display":"","ast-banner-title-visibility":"","ast-main-header-display":"","ast-hfb-above-header-display":"","ast-hfb-below-header-display":"","ast-hfb-mobile-header-display":"","site-post-title":"disabled","ast-breadcrumbs-content":"","ast-featured-img":"disabled","footer-sml-layout":"","ast-disable-related-posts":"","theme-transparent-header-meta":"","adv-header-id-meta":"","stick-header-meta":"","header-above-stick-meta":"","header-main-stick-meta":"","header-below-stick-meta":"","astra-migrate-meta-layouts":"set","ast-page-background-enabled":"default","ast-page-background-meta":{"desktop":{"background-color":"var(--ast-global-color-4)","background-image":"","background-repeat":"repeat","background-position":"center center","background-size":"auto","background-attachment":"scroll","background-type":"","background-media":"","overlay-type":"","overlay-color":"","overlay-opacity":"","overlay-gradient":""},"tablet":{"background-color":"","background-image":"","background-repeat":"repeat","background-position":"center center","background-size":"auto","background-attachment":"scroll","background-type":"","background-media":"","overlay-type":"","overlay-color":"","overlay-opacity":"","overlay-gradient":""},"mobile":{"background-color":"","background-image":"","background-repeat":"repeat","background-position":"center center","background-size":"auto","background-attachment":"scroll","background-type":"","background-media":"","overlay-type":"","overlay-color":"","overlay-opacity":"","overlay-gradient":""}},"ast-content-background-meta":{"desktop":{"background-color":"var(--ast-global-color-5)","background-image":"","background-repeat":"repeat","background-position":"center center","background-size":"auto","background-attachment":"scroll","background-type":"","background-media":"","overlay-type":"","overlay-color":"","overlay-opacity":"","overlay-gradient":""},"tablet":{"background-color":"var(--ast-global-color-5)","background-image":"","background-repeat":"repeat","background-position":"center center","background-size":"auto","background-attachment":"scroll","background-type":"","background-media":"","overlay-type":"","overlay-color":"","overlay-opacity":"","overlay-gradient":""},"mobile":{"background-color":"var(--ast-global-color-5)","background-image":"","background-repeat":"repeat","background-position":"center center","background-size":"auto","background-attachment":"scroll","background-type":"","background-media":"","overlay-type":"","overlay-color":"","overlay-opacity":"","overlay-gradient":""}},"_price":"","_stock":"","_tribe_ticket_header":"","_tribe_default_ticket_provider":"","_tribe_ticket_capacity":"0","_ticket_start_date":"","_ticket_end_date":"","_tribe_ticket_show_description":"","_tribe_ticket_show_not_going":false,"_tribe_ticket_use_global_stock":"","_tribe_ticket_global_stock_level":"","_global_stock_mode":"","_global_stock_cap":"","_tribe_rsvp_for_event":"","_tribe_ticket_going_count":"","_tribe_ticket_not_going_count":"","_tribe_tickets_list":"[]","_tribe_ticket_has_attendee_info_fields":false,"footnotes":"","_tec_slr_enabled":"","_tec_slr_layout":""},"class_list":["post-7714","page","type-page","status-publish","has-post-thumbnail","hentry"],"yoast_head":"<!-- This site is optimized with the Yoast SEO plugin v27.4 - https:\/\/yoast.com\/product\/yoast-seo-wordpress\/ -->\n<title>Boutique CEF - Club \u00c9questre les Forestiers<\/title>\n<meta name=\"robots\" content=\"index, follow, max-snippet:-1, max-image-preview:large, max-video-preview:-1\" \/>\n<link rel=\"canonical\" href=\"https:\/\/lecef.ca\/en\/boutique\/\" \/>\n<meta property=\"og:locale\" content=\"en_US\" \/>\n<meta property=\"og:type\" content=\"article\" \/>\n<meta property=\"og:title\" content=\"Boutique CEF - Club \u00c9questre les Forestiers\" \/>\n<meta property=\"og:description\" content=\"Bienvenue \u00e0 notre boutique Visitez la boutique &#8211; en partenariat avec Lucky Monkey\" \/>\n<meta property=\"og:url\" content=\"https:\/\/lecef.ca\/en\/boutique\/\" \/>\n<meta property=\"og:site_name\" content=\"Club \u00c9questre les Forestiers\" \/>\n<meta property=\"article:modified_time\" content=\"2025-12-14T12:45:18+00:00\" \/>\n<meta property=\"og:image\" content=\"https:\/\/lecef.ca\/wp-content\/uploads\/2025\/12\/IMG_0284-scaled.webp\" \/>\n\t<meta property=\"og:image:width\" content=\"2048\" \/>\n\t<meta property=\"og:image:height\" content=\"2560\" \/>\n\t<meta property=\"og:image:type\" content=\"image\/webp\" \/>\n<meta name=\"twitter:card\" content=\"summary_large_image\" \/>\n<meta name=\"twitter:label1\" content=\"Est. reading time\" \/>\n\t<meta name=\"twitter:data1\" content=\"1 minute\" \/>\n<script type=\"application\/ld+json\" class=\"yoast-schema-graph\">{\"@context\":\"https:\\\/\\\/schema.org\",\"@graph\":[{\"@type\":\"WebPage\",\"@id\":\"https:\\\/\\\/lecef.ca\\\/boutique\\\/\",\"url\":\"https:\\\/\\\/lecef.ca\\\/boutique\\\/\",\"name\":\"Boutique CEF - Club \u00c9questre les Forestiers\",\"isPartOf\":{\"@id\":\"https:\\\/\\\/lecef.ca\\\/#website\"},\"primaryImageOfPage\":{\"@id\":\"https:\\\/\\\/lecef.ca\\\/boutique\\\/#primaryimage\"},\"image\":{\"@id\":\"https:\\\/\\\/lecef.ca\\\/boutique\\\/#primaryimage\"},\"thumbnailUrl\":\"https:\\\/\\\/i0.wp.com\\\/lecef.ca\\\/wp-content\\\/uploads\\\/2025\\\/12\\\/IMG_0284-scaled.webp?fit=2048%2C2560&ssl=1\",\"datePublished\":\"2025-12-03T00:16:03+00:00\",\"dateModified\":\"2025-12-14T12:45:18+00:00\",\"breadcrumb\":{\"@id\":\"https:\\\/\\\/lecef.ca\\\/boutique\\\/#breadcrumb\"},\"inLanguage\":\"en-CA\",\"potentialAction\":[{\"@type\":\"ReadAction\",\"target\":[\"https:\\\/\\\/lecef.ca\\\/boutique\\\/\"]}]},{\"@type\":\"ImageObject\",\"inLanguage\":\"en-CA\",\"@id\":\"https:\\\/\\\/lecef.ca\\\/boutique\\\/#primaryimage\",\"url\":\"https:\\\/\\\/i0.wp.com\\\/lecef.ca\\\/wp-content\\\/uploads\\\/2025\\\/12\\\/IMG_0284-scaled.webp?fit=2048%2C2560&ssl=1\",\"contentUrl\":\"https:\\\/\\\/i0.wp.com\\\/lecef.ca\\\/wp-content\\\/uploads\\\/2025\\\/12\\\/IMG_0284-scaled.webp?fit=2048%2C2560&ssl=1\",\"width\":2048,\"height\":2560},{\"@type\":\"BreadcrumbList\",\"@id\":\"https:\\\/\\\/lecef.ca\\\/boutique\\\/#breadcrumb\",\"itemListElement\":[{\"@type\":\"ListItem\",\"position\":1,\"name\":\"Home\",\"item\":\"https:\\\/\\\/lecef.ca\\\/\"},{\"@type\":\"ListItem\",\"position\":2,\"name\":\"Boutique CEF\"}]},{\"@type\":\"WebSite\",\"@id\":\"https:\\\/\\\/lecef.ca\\\/#website\",\"url\":\"https:\\\/\\\/lecef.ca\\\/\",\"name\":\"Club \u00c9questre les Forestiers\",\"description\":\"club de randonn\u00e9e \u00e9questre\",\"publisher\":{\"@id\":\"https:\\\/\\\/lecef.ca\\\/#organization\"},\"potentialAction\":[{\"@type\":\"SearchAction\",\"target\":{\"@type\":\"EntryPoint\",\"urlTemplate\":\"https:\\\/\\\/lecef.ca\\\/?s={search_term_string}\"},\"query-input\":{\"@type\":\"PropertyValueSpecification\",\"valueRequired\":true,\"valueName\":\"search_term_string\"}}],\"inLanguage\":\"en-CA\"},{\"@type\":\"Organization\",\"@id\":\"https:\\\/\\\/lecef.ca\\\/#organization\",\"name\":\"Club \u00c9questre les Forestiers\",\"url\":\"https:\\\/\\\/lecef.ca\\\/\",\"logo\":{\"@type\":\"ImageObject\",\"inLanguage\":\"en-CA\",\"@id\":\"https:\\\/\\\/lecef.ca\\\/#\\\/schema\\\/logo\\\/image\\\/\",\"url\":\"https:\\\/\\\/i0.wp.com\\\/lecef.ca\\\/wp-content\\\/uploads\\\/2025\\\/04\\\/new-CEF-logo-1-1.png?fit=1080%2C1080&ssl=1\",\"contentUrl\":\"https:\\\/\\\/i0.wp.com\\\/lecef.ca\\\/wp-content\\\/uploads\\\/2025\\\/04\\\/new-CEF-logo-1-1.png?fit=1080%2C1080&ssl=1\",\"width\":1080,\"height\":1080,\"caption\":\"Club \u00c9questre les Forestiers\"},\"image\":{\"@id\":\"https:\\\/\\\/lecef.ca\\\/#\\\/schema\\\/logo\\\/image\\\/\"}}]}<\/script>\n<!-- \/ Yoast SEO plugin. -->","yoast_head_json":{"title":"Boutique CEF - Club \u00c9questre les Forestiers","robots":{"index":"index","follow":"follow","max-snippet":"max-snippet:-1","max-image-preview":"max-image-preview:large","max-video-preview":"max-video-preview:-1"},"canonical":"https:\/\/lecef.ca\/en\/boutique\/","og_locale":"en_US","og_type":"article","og_title":"Boutique CEF - Club \u00c9questre les Forestiers","og_description":"Bienvenue \u00e0 notre boutique Visitez la boutique &#8211; en partenariat avec Lucky Monkey","og_url":"https:\/\/lecef.ca\/en\/boutique\/","og_site_name":"Club \u00c9questre les Forestiers","article_modified_time":"2025-12-14T12:45:18+00:00","og_image":[{"width":2048,"height":2560,"url":"https:\/\/lecef.ca\/wp-content\/uploads\/2025\/12\/IMG_0284-scaled.webp","type":"image\/webp"}],"twitter_card":"summary_large_image","twitter_misc":{"Est. reading time":"1 minute"},"schema":{"@context":"https:\/\/schema.org","@graph":[{"@type":"WebPage","@id":"https:\/\/lecef.ca\/boutique\/","url":"https:\/\/lecef.ca\/boutique\/","name":"Boutique CEF - Club \u00c9questre les Forestiers","isPartOf":{"@id":"https:\/\/lecef.ca\/#website"},"primaryImageOfPage":{"@id":"https:\/\/lecef.ca\/boutique\/#primaryimage"},"image":{"@id":"https:\/\/lecef.ca\/boutique\/#primaryimage"},"thumbnailUrl":"https:\/\/i0.wp.com\/lecef.ca\/wp-content\/uploads\/2025\/12\/IMG_0284-scaled.webp?fit=2048%2C2560&ssl=1","datePublished":"2025-12-03T00:16:03+00:00","dateModified":"2025-12-14T12:45:18+00:00","breadcrumb":{"@id":"https:\/\/lecef.ca\/boutique\/#breadcrumb"},"inLanguage":"en-CA","potentialAction":[{"@type":"ReadAction","target":["https:\/\/lecef.ca\/boutique\/"]}]},{"@type":"ImageObject","inLanguage":"en-CA","@id":"https:\/\/lecef.ca\/boutique\/#primaryimage","url":"https:\/\/i0.wp.com\/lecef.ca\/wp-content\/uploads\/2025\/12\/IMG_0284-scaled.webp?fit=2048%2C2560&ssl=1","contentUrl":"https:\/\/i0.wp.com\/lecef.ca\/wp-content\/uploads\/2025\/12\/IMG_0284-scaled.webp?fit=2048%2C2560&ssl=1","width":2048,"height":2560},{"@type":"BreadcrumbList","@id":"https:\/\/lecef.ca\/boutique\/#breadcrumb","itemListElement":[{"@type":"ListItem","position":1,"name":"Home","item":"https:\/\/lecef.ca\/"},{"@type":"ListItem","position":2,"name":"Boutique CEF"}]},{"@type":"WebSite","@id":"https:\/\/lecef.ca\/#website","url":"https:\/\/lecef.ca\/","name":"Club \u00c9questre les Forestiers","description":"club de randonn\u00e9e \u00e9questre","publisher":{"@id":"https:\/\/lecef.ca\/#organization"},"potentialAction":[{"@type":"SearchAction","target":{"@type":"EntryPoint","urlTemplate":"https:\/\/lecef.ca\/?s={search_term_string}"},"query-input":{"@type":"PropertyValueSpecification","valueRequired":true,"valueName":"search_term_string"}}],"inLanguage":"en-CA"},{"@type":"Organization","@id":"https:\/\/lecef.ca\/#organization","name":"Club \u00c9questre les Forestiers","url":"https:\/\/lecef.ca\/","logo":{"@type":"ImageObject","inLanguage":"en-CA","@id":"https:\/\/lecef.ca\/#\/schema\/logo\/image\/","url":"https:\/\/i0.wp.com\/lecef.ca\/wp-content\/uploads\/2025\/04\/new-CEF-logo-1-1.png?fit=1080%2C1080&ssl=1","contentUrl":"https:\/\/i0.wp.com\/lecef.ca\/wp-content\/uploads\/2025\/04\/new-CEF-logo-1-1.png?fit=1080%2C1080&ssl=1","width":1080,"height":1080,"caption":"Club \u00c9questre les Forestiers"},"image":{"@id":"https:\/\/lecef.ca\/#\/schema\/logo\/image\/"}}]}},"jetpack_sharing_enabled":true,"ticketed":false,"_links":{"self":[{"href":"https:\/\/lecef.ca\/en\/wp-json\/wp\/v2\/pages\/7714","targetHints":{"allow":["GET"]}}],"collection":[{"href":"https:\/\/lecef.ca\/en\/wp-json\/wp\/v2\/pages"}],"about":[{"href":"https:\/\/lecef.ca\/en\/wp-json\/wp\/v2\/types\/page"}],"author":[{"embeddable":true,"href":"https:\/\/lecef.ca\/en\/wp-json\/wp\/v2\/users\/2"}],"replies":[{"embeddable":true,"href":"https:\/\/lecef.ca\/en\/wp-json\/wp\/v2\/comments?post=7714"}],"version-history":[{"count":20,"href":"https:\/\/lecef.ca\/en\/wp-json\/wp\/v2\/pages\/7714\/revisions"}],"predecessor-version":[{"id":8337,"href":"https:\/\/lecef.ca\/en\/wp-json\/wp\/v2\/pages\/7714\/revisions\/8337"}],"wp:featuredmedia":[{"embeddable":true,"href":"https:\/\/lecef.ca\/en\/wp-json\/wp\/v2\/media\/7718"}],"wp:attachment":[{"href":"https:\/\/lecef.ca\/en\/wp-json\/wp\/v2\/media?parent=7714"}],"curies":[{"name":"wp","href":"https:\/\/api.w.org\/{rel}","templated":true}]}}